{"id":1133,"date":"2024-01-18T21:12:32","date_gmt":"2024-01-19T02:12:32","guid":{"rendered":"https:\/\/inmigracionlegalus.com\/?page_id=1133"},"modified":"2025-01-24T11:48:05","modified_gmt":"2025-01-24T16:48:05","slug":"politica-de-privacidad-il","status":"publish","type":"page","link":"https:\/\/inmigracionlegalus.com\/en\/politica-de-privacidad-il\/","title":{"rendered":"Privacy Policy"},"content":{"rendered":"<div data-elementor-type=\"wp-page\" data-elementor-id=\"1133\" class=\"elementor elementor-1133\">\n\t\t\t\t\t\t<section class=\"elementor-section elementor-top-section elementor-element elementor-element-44e8aab elementor-section-boxed elementor-section-height-default elementor-section-height-default\" data-id=\"44e8aab\" data-element_type=\"section\" data-e-type=\"section\">\n\t\t\t\t\t\t<div class=\"elementor-container elementor-column-gap-default\">\n\t\t\t\t\t<div class=\"elementor-column elementor-col-100 elementor-top-column elementor-element elementor-element-f7b9557\" data-id=\"f7b9557\" data-element_type=\"column\" data-e-type=\"column\">\n\t\t\t<div class=\"elementor-widget-wrap elementor-element-populated\">\n\t\t\t\t\t\t<div class=\"elementor-element elementor-element-4d73b15 elementor-widget elementor-widget-spacer\" data-id=\"4d73b15\" data-element_type=\"widget\" data-e-type=\"widget\" data-widget_type=\"spacer.default\">\n\t\t\t\t<div class=\"elementor-widget-container\">\n\t\t\t\t\t\t\t<div class=\"elementor-spacer\">\n\t\t\t<div class=\"elementor-spacer-inner\"><\/div>\n\t\t<\/div>\n\t\t\t\t\t\t<\/div>\n\t\t\t\t<\/div>\n\t\t\t\t\t<\/div>\n\t\t<\/div>\n\t\t\t\t\t<\/div>\n\t\t<\/section>\n\t\t\t\t<section class=\"elementor-section elementor-top-section elementor-element elementor-element-b621ca5 elementor-section-boxed elementor-section-height-default elementor-section-height-default\" data-id=\"b621ca5\" data-element_type=\"section\" data-e-type=\"section\">\n\t\t\t\t\t\t<div class=\"elementor-container elementor-column-gap-default\">\n\t\t\t\t\t<div class=\"elementor-column elementor-col-100 elementor-top-column elementor-element elementor-element-bbf3841\" data-id=\"bbf3841\" data-element_type=\"column\" data-e-type=\"column\">\n\t\t\t<div class=\"elementor-widget-wrap elementor-element-populated\">\n\t\t\t\t\t\t<div class=\"elementor-element elementor-element-429d25e elementor-widget elementor-widget-text-editor\" data-id=\"429d25e\" data-element_type=\"widget\" data-e-type=\"widget\" data-widget_type=\"text-editor.default\">\n\t\t\t\t<div class=\"elementor-widget-container\">\n\t\t\t\t\t\t\t\t\t<h2>Identificaci\u00f3n y Titularidad<\/h2><p>A continuaci\u00f3n el Titular expone sus datos identificativos:<\/p><ul><li><b>Titular:<\/b>\u00a0 INMIGRACI\u00d3N LEGAL LLC.<\/li><li><b>Domicilio:<\/b>\u00a0 990 BISCAYNE BLD. STE. 501-16 MIAMI, FL 33132US, Florida &#8211; Estados Unidos.<\/li><li><b>Correo electr\u00f3nico:<\/b>\u00a0 contacto@inmigracionlegalus.com<\/li><li><b>Sitio Web:<\/b>\u00a0\u00a0<a href=\"https:\/\/inmigracionlegalus.com\/en\/\">https:\/\/inmigracionlegalus.com<\/a><\/li><\/ul><h2>Finalidad<\/h2><p>La finalidad del Sitio Web es: Asesor\u00edas de inmigraci\u00f3n.<\/p><h2>Condiciones de Uso<\/h2><p class=\"has-black-color has-text-color\">La utilizaci\u00f3n del Sitio Web le otorga la condici\u00f3n de usuario, e implica la aceptaci\u00f3n completa de todas las cl\u00e1usulas y condiciones de uso incluidas en las pol\u00edticas de privacidad.<\/p><p class=\"has-black-color has-text-color\">Si no estuviera conforme con todas y cada una de estas cl\u00e1usulas y condiciones abst\u00e9ngase de utilizar el Sitio Web.<\/p><p class=\"has-black-color has-text-color\">El acceso al Sitio Web no supone, en modo alguno, el inicio de una relaci\u00f3n comercial con el titular.<\/p><p class=\"has-black-color has-text-color\">A trav\u00e9s del Sitio Web, el titular le facilita el acceso y la utilizaci\u00f3n de diversos contenidos que el titular y\/o sus colaboradores han publicado por medio de Internet.<\/p><p class=\"has-black-color has-text-color\">A tal efecto, est\u00e1 obligado y comprometido a NO utilizar cualquiera de los contenidos del Sitio Web con fines o efectos il\u00edcitos, prohibidos en este Aviso Legal o por la legislaci\u00f3n vigente, lesivos de los derechos e intereses de terceros, o que de cualquier forma puedan da\u00f1ar, inutilizar, sobrecargar, deteriorar o impedir la normal utilizaci\u00f3n de los contenidos, los equipos inform\u00e1ticos o los documentos, archivos y toda clase de contenidos almacenados en cualquier equipo inform\u00e1tico propios o contratados por el titular, de otros usuarios o de cualquier usuario de Internet.<\/p><p>Si no estuviera conforme con todas y cada una de estas cl\u00e1usulas y condiciones abst\u00e9ngase de utilizar el Sitio Web.<\/p><p>El acceso al Sitio Web no supone, en modo alguno, el inicio de una relaci\u00f3n comercial con el Titular.<\/p><p>A trav\u00e9s del Sitio Web, el Titular le facilita el acceso y la utilizaci\u00f3n de diversos contenidos que el Titular y\/o sus colaboradores han publicado por medio de Internet.<\/p><p>El Titular no ser\u00e1 responsable de las opiniones vertidas por los usuarios a trav\u00e9s del sistema de comentarios, redes sociales u otras herramientas de participaci\u00f3n, conforme a lo previsto en la normativa de aplicaci\u00f3n.<\/p><h2>Medidas de seguridad<\/h2><p>Los datos personales que facilite al Titular pueden ser almacenados en bases de datos automatizadas o no, cuya titularidad corresponde en exclusiva al Titular, que asume todas las medidas de \u00edndole t\u00e9cnica, organizativa y de seguridad que garantizan la confidencialidad, integridad y calidad de la informaci\u00f3n contenida en las mismas de acuerdo con lo establecido en la normativa vigente en protecci\u00f3n de datos.<\/p><p>No obstante, debe ser consciente de que las medidas de seguridad de los sistemas inform\u00e1ticos en Internet no son enteramente fiables y que, por tanto el Titular no puede garantizar la inexistencia de virus u otros elementos que puedan producir alteraciones en los sistemas inform\u00e1ticos (software y hardware) del Usuario o en sus documentos electr\u00f3nicos y ficheros contenidos en los mismos aunque el Titular pone todos los medios necesarios y toma las medidas de seguridad oportunas para evitar la presencia de estos elementos da\u00f1inos.<\/p><h2>Contenidos<\/h2><p>El Titular ha obtenido la informaci\u00f3n, el contenido multimedia y los materiales incluidos en el Sitio Web de fuentes que considera fiables, pero, si bien ha tomado todas las medidas razonables para asegurar que la informaci\u00f3n contenida es correcta, el Titular no garantiza que sea exacta, completa o actualizada. El Titular declina expresamente cualquier responsabilidad por error u omisi\u00f3n en la informaci\u00f3n contenida en las p\u00e1ginas del Sitio Web.<\/p><p>Queda prohibido transmitir o enviar a trav\u00e9s del Sitio Web cualquier contenido ilegal o il\u00edcito, virus inform\u00e1ticos, o mensajes que, en general, afecten o violen derechos del Titular o de terceros.<\/p><p>Los contenidos del Sitio Web tienen \u00fanicamente una finalidad informativa y bajo ninguna circunstancia deben usarse ni considerarse como oferta de venta, solicitud de una oferta de compra ni recomendaci\u00f3n para realizar cualquier otra operaci\u00f3n, salvo que as\u00ed se indique expresamente.<\/p><p>El Titular se reserva el derecho a modificar, suspender, cancelar o restringir el contenido del Sitio Web, los v\u00ednculos o la informaci\u00f3n obtenida a trav\u00e9s del Sitio Web, sin necesidad de previo aviso.<\/p><p>El Titular\u00a0no es responsable de los da\u00f1os y perjuicios que pudieran derivarse de la utilizaci\u00f3n de la informaci\u00f3n del Sitio Web o de la contenida en las redes sociales del Titular.<\/p><h2>Pol\u00edtica de cookies<\/h2><p>El Titular obtiene y conserva la siguiente informaci\u00f3n acerca de los visitantes del Sitio Web:<\/p><ul><li>El nombre de dominio del proveedor (PSI) y\/o direcci\u00f3n IP que les da acceso a la red.<\/li><li>La fecha y hora de acceso al sitio Web.<\/li><li>La direcci\u00f3n de Internet origen del enlace que dirige al sitio Web.<\/li><li>El n\u00famero de visitantes diarios de cada secci\u00f3n.<\/li><li>La informaci\u00f3n obtenida es totalmente an\u00f3nima, y en ning\u00fan caso puede ser asociada a un Usuario concreto e identificado.<\/li><\/ul><h2>Enlaces a otros sitios Web<\/h2><p>El Titular puede proporcionarle acceso a sitios Web de terceros mediante enlaces con la finalidad exclusiva de informar sobre la existencia de otras fuentes de informaci\u00f3n en Internet en las que podr\u00e1 ampliar los datos ofrecidos en el Sitio Web.<\/p><p>Estos enlaces a otros sitios Web no suponen en ning\u00fan caso una sugerencia o recomendaci\u00f3n para que usted visite las p\u00e1ginas web de destino, que est\u00e1n fuera del control del Titular, por lo que el Titular no es responsable del contenido de los sitios web vinculados ni del resultado que obtenga al seguir los enlaces. Asimismo, el Titular no responde de los links o enlaces ubicados en los sitios web vinculados a los que le proporciona acceso.<\/p><p>El establecimiento del enlace no implica en ning\u00fan caso la existencia de relaciones entre el Titular y el propietario del sitio en el que se establezca el enlace, ni la aceptaci\u00f3n o aprobaci\u00f3n por parte del Titular de sus contenidos o servicios.<\/p><p>Si accede a un sitio web externo desde un enlace que encuentre en el Sitio Web usted deber\u00e1 leer la propia pol\u00edtica de privacidad del otro sitio web que puede ser diferente de la de este sitio Web.<\/p><h2>Propiedad intelectual e industrial<\/h2><p>Todos los derechos est\u00e1n reservados.<\/p><p>Todo acceso a este Sitio Web est\u00e1 sujeto a las siguientes condiciones: la reproducci\u00f3n, almacenaje permanente y la difusi\u00f3n de los contenidos o cualquier otro uso que tenga finalidad p\u00fablica o comercial queda expresamente prohibida sin el consentimiento previo expreso y por escrito del Titular.<\/p><h2>Limitaci\u00f3n de responsabilidad<\/h2><p>La informaci\u00f3n y servicios incluidos o disponibles a trav\u00e9s del Sitio Web pueden incluir incorrecciones o errores tipogr\u00e1ficos. De forma peri\u00f3dica el Titular incorpora mejoras y\/o cambios a la informaci\u00f3n contenida y\/o los Servicios que puede introducir en cualquier momento.<\/p><p>El Titular no declara ni garantiza que los servicios o contenidos sean interrumpidos o que est\u00e9n libres de errores, que los defectos sean corregidos, o que el servicio o el servidor que lo pone a disposici\u00f3n est\u00e9n libres de virus u otros componentes nocivos sin perjuicio de que el Titular realiza todos los esfuerzos en evitar este tipo de incidentes.<\/p><p>El Titular declina cualquier responsabilidad en caso de que existan interrupciones o un mal funcionamiento de los Servicios o contenidos ofrecidos en Internet, cualquiera que sea su causa. Asimismo, el Titular no se hace responsable por ca\u00eddas de la red, p\u00e9rdidas de negocio a consecuencia de dichas ca\u00eddas, suspensiones temporales de fluido el\u00e9ctrico o cualquier otro tipo de da\u00f1o indirecto que te pueda ser causado por causas ajenas a el Titular.<\/p><p>Antes de tomar decisiones y\/o acciones con base a la informaci\u00f3n incluida en el Sitio Web, el Titular le recomienda comprobar y contrastar la informaci\u00f3n recibida con otras fuentes.<\/p><p class=\"has-black-color has-text-color has-medium-font-size\"><strong>Contenidos<\/strong><\/p><p class=\"has-black-color has-text-color\">El titular ha obtenido la informaci\u00f3n, el contenido multimedia y los materiales incluidos en el Sitio Web de fuentes que considera fiables, pero, si bien ha tomado todas las medidas razonables para asegurar que la informaci\u00f3n contenida es correcta, el titular no garantiza que sea exacta, completa o actualizada. El titular declina expresamente cualquier responsabilidad por error u omisi\u00f3n en la informaci\u00f3n contenida en las p\u00e1ginas del Sitio Web.<\/p><p class=\"has-black-color has-text-color\">Queda prohibido transmitir o enviar a trav\u00e9s del Sitio Web cualquier contenido ilegal o il\u00edcito, virus inform\u00e1ticos, o mensajes que, en general, afecten o violen derechos del titular o de terceros.<\/p><p class=\"has-black-color has-text-color\">Los contenidos del Sitio Web tienen \u00fanicamente una finalidad informativa y bajo ninguna circunstancia deben usarse ni considerarse como oferta de venta, solicitud de una oferta de compra ni recomendaci\u00f3n para realizar cualquier otra operaci\u00f3n, salvo que as\u00ed se indique expresamente.<\/p><p class=\"has-black-color has-text-color\">El titular se reserva el derecho a modificar, suspender, cancelar o restringir el contenido del Sitio Web, los v\u00ednculos o la informaci\u00f3n obtenida a trav\u00e9s del Sitio Web, sin necesidad de previo aviso.<\/p><p class=\"has-black-color has-text-color\">El titular\u00a0no es responsable de los da\u00f1os y perjuicios que pudieran derivarse de la utilizaci\u00f3n de la informaci\u00f3n del Sitio Web o de la contenida en las redes sociales del titular.<\/p><p class=\"has-black-color has-text-color has-medium-font-size\"><strong>3. Informaci\u00f3n que Recopilamos<\/strong><\/p><p class=\"has-black-color has-text-color has-medium-font-size\"><strong>3.1. Informaci\u00f3n Personal:<\/strong><\/p><p class=\"has-black-color has-text-color\">\u00a0\u00a0 \u2013 Nombre, direcci\u00f3n, n\u00famero de tel\u00e9fono, direcci\u00f3n de correo electr\u00f3nico, y otra informaci\u00f3n identificativa necesaria para los servicios que ofrecemos.<\/p><p class=\"has-black-color has-text-color has-medium-font-size\"><strong>3.2. Informaci\u00f3n de Acceso:<\/strong><\/p><p class=\"has-black-color has-text-color\">\u00a0\u00a0 \u2013 Datos sobre tu interacci\u00f3n con nuestro sitio web, como direcciones IP, tipo de navegador, p\u00e1ginas visitadas y tiempo de permanencia.<\/p><p class=\"has-black-color has-text-color has-medium-font-size\"><strong>4. Uso de la Informaci\u00f3n<\/strong><\/p><p class=\"has-black-color has-text-color\">Utilizamos la informaci\u00f3n recopilada para:<\/p><p class=\"has-black-color has-text-color\">\u00a0\u00a0 \u2013 Proporcionar y mejorar nuestros servicios.<\/p><p class=\"has-black-color has-text-color\">\u00a0\u00a0 \u2013 Personalizar tu experiencia y responder a tus necesidades individuales.<\/p><p class=\"has-black-color has-text-color\">\u00a0\u00a0 \u2013 Enviar informaci\u00f3n importante relacionada con nuestros servicios.<\/p><p class=\"has-black-color has-text-color\">\u00a0\u00a0 \u2013 Proteger la seguridad y confidencialidad de la informaci\u00f3n.<\/p><p class=\"has-black-color has-text-color has-medium-font-size\"><strong>5. Compartir Informaci\u00f3n<\/strong><\/p><p class=\"has-black-color has-text-color\">No vendemos, intercambiamos ni transferimos tu informaci\u00f3n personal a terceros sin tu consentimiento, excepto en casos necesarios para prestar servicios espec\u00edficos solicitados por ti.<\/p><p class=\"has-black-color has-text-color has-medium-font-size\"><strong>6. Seguridad de Datos<\/strong><\/p><p class=\"has-black-color has-text-color\">Implementamos medidas de seguridad para proteger tu informaci\u00f3n personal contra accesos no autorizados, alteraci\u00f3n, divulgaci\u00f3n o destrucci\u00f3n.<\/p><p class=\"has-black-color has-text-color has-medium-font-size\"><strong>7. Cookies y Tecnolog\u00edas Similares<\/strong><\/p><p class=\"has-black-color has-text-color\">Utilizamos cookies y tecnolog\u00edas similares para mejorar la experiencia del usuario y recopilar informaci\u00f3n sobre patrones de navegaci\u00f3n.<\/p><p class=\"has-black-color has-text-color has-medium-font-size\"><strong>8. Enlaces a Terceros<\/strong><\/p><p class=\"has-black-color has-text-color\">Nuestro sitio web puede contener enlaces a sitios de terceros. No somos responsables de las pr\u00e1cticas de privacidad de estos sitios y te alentamos a revisar sus pol\u00edticas de privacidad.<\/p><p class=\"has-black-color has-text-color has-medium-font-size\"><strong>9. Cambios a la Pol\u00edtica de Privacidad<\/strong><\/p><p class=\"has-black-color has-text-color\">Nos reservamos el derecho de actualizar esta pol\u00edtica en cualquier momento. Te recomendamos revisar peri\u00f3dicamente los cambios.<\/p><p class=\"has-black-color has-text-color has-medium-font-size\"><strong>10. Derechos del Usuario<\/strong><\/p><p class=\"has-black-color has-text-color\">Tienes el derecho de acceder, corregir, actualizar o eliminar tu informaci\u00f3n personal. Para ejercer estos derechos, comun\u00edcate con nosotros a trav\u00e9s de los canales de contacto proporcionados en nuestro sitio web.<\/p><p class=\"has-black-color has-text-color\">Al utilizar nuestro sitio web, aceptas los t\u00e9rminos de esta pol\u00edtica de privacidad. Si no est\u00e1s de acuerdo con estos t\u00e9rminos, por favor, no utilices nuestro sitio. Gracias por confiar en Inmigraci\u00f3n Legal US.<\/p>\t\t\t\t\t\t\t\t<\/div>\n\t\t\t\t<\/div>\n\t\t\t\t\t<\/div>\n\t\t<\/div>\n\t\t\t\t\t<\/div>\n\t\t<\/section>\n\t\t\t\t<\/div>","protected":false},"excerpt":{"rendered":"<p>Identificaci\u00f3n y Titularidad A continuaci\u00f3n el Titular expone sus datos identificativos: Titular:\u00a0 INMIGRACI\u00d3N LEGAL LLC. Domicilio:\u00a0 990 BISCAYNE BLD. STE. 501-16 MIAMI, FL 33132US, Florida &#8211; Estados Unidos. Correo electr\u00f3nico:\u00a0 contacto@inmigracionlegalus.com Sitio Web:\u00a0\u00a0https:\/\/inmigracionlegalus.com Finalidad La finalidad del Sitio Web es: Asesor\u00edas de inmigraci\u00f3n. Condiciones de Uso La utilizaci\u00f3n del Sitio Web le otorga la condici\u00f3n [&hellip;]<\/p>\n","protected":false},"author":3,"featured_media":0,"parent":0,"menu_order":0,"comment_status":"closed","ping_status":"closed","template":"","meta":{"_monsterinsights_skip_tracking":false,"_monsterinsights_sitenote_active":false,"_monsterinsights_sitenote_note":"","_monsterinsights_sitenote_category":0,"site-sidebar-layout":"default","site-content-layout":"","ast-site-content-layout":"default","site-content-style":"default","site-sidebar-style":"default","ast-global-header-display":"","ast-banner-title-visibility":"","ast-main-header-display":"","ast-hfb-above-header-display":"","ast-hfb-below-header-display":"","ast-hfb-mobile-header-display":"","site-post-title":"","ast-breadcrumbs-content":"","ast-featured-img":"","footer-sml-layout":"","ast-disable-related-posts":"","theme-transparent-header-meta":"","adv-header-id-meta":"","stick-header-meta":"","header-above-stick-meta":"","header-main-stick-meta":"","header-below-stick-meta":"","astra-migrate-meta-layouts":"default","ast-page-background-enabled":"default","ast-page-background-meta":{"desktop":{"background-color":"var(--ast-global-color-4)","background-image":"","background-repeat":"repeat","background-position":"center center","background-size":"auto","background-attachment":"scroll","background-type":"","background-media":"","overlay-type":"","overlay-color":"","overlay-opacity":"","overlay-gradient":""},"tablet":{"background-color":"","background-image":"","background-repeat":"repeat","background-position":"center center","background-size":"auto","background-attachment":"scroll","background-type":"","background-media":"","overlay-type":"","overlay-color":"","overlay-opacity":"","overlay-gradient":""},"mobile":{"background-color":"","background-image":"","background-repeat":"repeat","background-position":"center center","background-size":"auto","background-attachment":"scroll","background-type":"","background-media":"","overlay-type":"","overlay-color":"","overlay-opacity":"","overlay-gradient":""}},"ast-content-background-meta":{"desktop":{"background-color":"var(--ast-global-color-5)","background-image":"","background-repeat":"repeat","background-position":"center center","background-size":"auto","background-attachment":"scroll","background-type":"","background-media":"","overlay-type":"","overlay-color":"","overlay-opacity":"","overlay-gradient":""},"tablet":{"background-color":"var(--ast-global-color-5)","background-image":"","background-repeat":"repeat","background-position":"center center","background-size":"auto","background-attachment":"scroll","background-type":"","background-media":"","overlay-type":"","overlay-color":"","overlay-opacity":"","overlay-gradient":""},"mobile":{"background-color":"var(--ast-global-color-5)","background-image":"","background-repeat":"repeat","background-position":"center center","background-size":"auto","background-attachment":"scroll","background-type":"","background-media":"","overlay-type":"","overlay-color":"","overlay-opacity":"","overlay-gradient":""}},"_joinchat":[],"footnotes":""},"class_list":["post-1133","page","type-page","status-publish","hentry"],"_links":{"self":[{"href":"https:\/\/inmigracionlegalus.com\/en\/wp-json\/wp\/v2\/pages\/1133","targetHints":{"allow":["GET"]}}],"collection":[{"href":"https:\/\/inmigracionlegalus.com\/en\/wp-json\/wp\/v2\/pages"}],"about":[{"href":"https:\/\/inmigracionlegalus.com\/en\/wp-json\/wp\/v2\/types\/page"}],"author":[{"embeddable":true,"href":"https:\/\/inmigracionlegalus.com\/en\/wp-json\/wp\/v2\/users\/3"}],"replies":[{"embeddable":true,"href":"https:\/\/inmigracionlegalus.com\/en\/wp-json\/wp\/v2\/comments?post=1133"}],"version-history":[{"count":8,"href":"https:\/\/inmigracionlegalus.com\/en\/wp-json\/wp\/v2\/pages\/1133\/revisions"}],"predecessor-version":[{"id":2222,"href":"https:\/\/inmigracionlegalus.com\/en\/wp-json\/wp\/v2\/pages\/1133\/revisions\/2222"}],"wp:attachment":[{"href":"https:\/\/inmigracionlegalus.com\/en\/wp-json\/wp\/v2\/media?parent=1133"}],"curies":[{"name":"wp","href":"https:\/\/api.w.org\/{rel}","templated":true}]}}